{"id":56085,"date":"2021-10-22T06:22:57","date_gmt":"2021-10-22T04:22:57","guid":{"rendered":"https:\/\/nicobladexcursion.com\/?post_type=product&#038;p=56085"},"modified":"2023-04-05T15:21:00","modified_gmt":"2023-04-05T13:21:00","slug":"visite-de-larchipel-des-saintes","status":"publish","type":"product","link":"https:\/\/nicobladexcursion.com\/?product=visite-de-larchipel-des-saintes","title":{"rendered":"* Visite de l\u2019archipel des Saintes *"},"content":{"rendered":"<p><span style=\"font-family: Roboto,Helvetica,Arial,Verdana,sans-serif; font-size: 16px; font-style: normal; font-weight: 400; letter-spacing: normal; text-transform: none; float: none; text-align: center;\">\ud83c\udf10 <\/span><strong style=\"padding: 0px; margin: 0px; font-weight: bold; font-family: Roboto, Helvetica, Arial, Verdana, sans-serif; font-size: 16px; font-style: normal; letter-spacing: normal; text-align: center; text-indent: 0px; text-transform: none;\">D\u00e9part du port de Baillargent \u00e0 5 minutes entre les communes de Pointe-Noire et Deshaies<\/strong><\/p>\n<p><strong>\u23f0 Rendez-vous \u00e0 6h30<\/strong> pour un <strong>d\u00e9part \u00e0 7h <\/strong>pour un <strong>retour avant 16h30.<\/strong><\/p>\n<p><strong>1h30 de navigation \u00e0 la d\u00e9couverte de la c\u00f4te sous le vent<\/strong> pour arriver entre les deux \u00eeles s\u0153ur de l\u2019archipel des Saintes.<\/p>\n<p><strong>2 heure de pause<\/strong> pour d\u00e9couvrir le village de Terre De Haut et pourquoi pas de faire un achat dans une des nombreuse boutiques&#8230;<\/p>\n<p>La pause termin\u00e9e la visite en bateau peut commencer, visite ponctu\u00e9e de nombreuses explications, (g\u00e9ographiques, historiques, g\u00e9ologiques&#8230;)<\/p>\n<p><strong>12h <\/strong>rendez-vous dans un restaurant partenaire,\u00a0<strong><em>( repas non compris dans le prix de l&rsquo;excursion,<\/em><\/strong> <strong><em>formule ap\u00e9ritif, plat et dessert<\/em><em> entre 20\u20ac et 25\u20ac en fonction du restaurant du jour)<\/em><\/strong><\/p>\n<p><strong>13h30 tout le monde remonte \u00e0 bord du bateau<\/strong> pour aller au mouillage dans la Baie du Pain de Sucre, ou La Grande Baie pour nager avec les tortues et admirer les fonds marin <strong>jusqu\u2019\u00e0 15h, l\u2019heure du retour pour une arriv\u00e9e avant 16h30.<\/strong><\/p>\n<p><em><strong>(Palmes, masque et tuba non fournit pour des raisons d&rsquo;hygi\u00e8ne et de s\u00e9curit\u00e9)<\/strong><\/em><\/p>\n<p><strong>\ud83c\udf10 G\u00e9olocalisation \u201cMAPS\u201d du port de Baillargent \u00e0 5 minutes entre Pointe Noire et Deshaies<\/strong><\/p>\n<p><strong><em><a href=\"https:\/\/maps.app.goo.gl\/MeBz4of9DiQn39gU7\">https:\/\/maps.app.goo.gl\/MeBz4of9DiQn39gU7<\/a><\/em><\/strong><\/p>\n<ul>\n<li>\ud83d\udccc <strong>Le d\u00e9part se fait entre Pointe-Noire et Deshaies, cependant nous pouvons vous r\u00e9cup\u00e9rer \u00e0 :<\/strong><\/li>\n<li><strong>Bouillante, ponton du centre-ville en face la pompe \u00e0 essence,<\/strong><\/li>\n<li><strong>Vieux Habitants, ponton de l&rsquo;Anse \u00e0 la barque,<\/strong><\/li>\n<li><strong>Basse Terre, ponton pompe \u00e0 essence bateau de la marina de Rivi\u00e8re-Sens.<\/strong><\/li>\n<\/ul>\n<p><!-- Fareharbor button --><br \/>\n<a class=\"fh-icon--calendar-check fh-button-true-flat-yellow fh-font--inherit\" style=\"bottom: 5px !important; right: 52px !important;\" href=\"https:\/\/fareharbor.com\/embeds\/book\/caraibeevasion\/items\/422389\/?full-items=yes&amp;flow=853723\">R\u00e9servez Maintenant<\/a><\/p>\n","protected":false},"excerpt":{"rendered":"<ol>\n<li><strong>La Visite de l\u2019archipel des Saintes, <\/strong>est une excursion sur une journ\u00e9e compl\u00e8te de <strong>7h \u00e0 16h30<\/strong>, qui vous permettra <strong>de visiter l\u2019archipel des Saintes aux grands complets. (Terre de Bas, Terre de Haut, leurs \u00eelets et leurs plages.)<\/strong><\/li>\n<\/ol>\n<p>\ud83d\udccc Descriptif complet de l\u2019excursion en bas de page\u2026<\/p>\n<div class=\"fhCalendar\"><!-- FareHarbor calendar of item #422389 --><br \/>\n<script src=\"https:\/\/fareharbor.com\/embeds\/script\/calendar-small\/caraibeevasion\/items\/422389\/?fallback=simple&#038;full-items=yes&#038;flow=853723\"><\/script><\/div>\n<p><script>  \n  jQuery(document).ready(function($){\nvar fhCalendar = $('.fhCalendar');\n$('.cart').replaceWith(fhCalendar);\n  });\n<\/script><\/p>\n","protected":false},"featured_media":56308,"comment_status":"closed","ping_status":"closed","template":"","meta":{"spay_email":""},"product_cat":[528],"product_tag":[],"_links":{"self":[{"href":"https:\/\/nicobladexcursion.com\/index.php?rest_route=\/wp\/v2\/product\/56085"}],"collection":[{"href":"https:\/\/nicobladexcursion.com\/index.php?rest_route=\/wp\/v2\/product"}],"about":[{"href":"https:\/\/nicobladexcursion.com\/index.php?rest_route=\/wp\/v2\/types\/product"}],"replies":[{"embeddable":true,"href":"https:\/\/nicobladexcursion.com\/index.php?rest_route=%2Fwp%2Fv2%2Fcomments&post=56085"}],"wp:featuredmedia":[{"embeddable":true,"href":"https:\/\/nicobladexcursion.com\/index.php?rest_route=\/wp\/v2\/media\/56308"}],"wp:attachment":[{"href":"https:\/\/nicobladexcursion.com\/index.php?rest_route=%2Fwp%2Fv2%2Fmedia&parent=56085"}],"wp:term":[{"taxonomy":"product_cat","embeddable":true,"href":"https:\/\/nicobladexcursion.com\/index.php?rest_route=%2Fwp%2Fv2%2Fproduct_cat&post=56085"},{"taxonomy":"product_tag","embeddable":true,"href":"https:\/\/nicobladexcursion.com\/index.php?rest_route=%2Fwp%2Fv2%2Fproduct_tag&post=56085"}],"curies":[{"name":"wp","href":"https:\/\/api.w.org\/{rel}","templated":true}]}}